{"id":1398,"date":"2020-07-05T00:58:26","date_gmt":"2020-07-04T21:58:26","guid":{"rendered":"https:\/\/www.qhost.ro\/dev\/cip\/new\/?page_id=1398"},"modified":"2024-11-06T13:17:31","modified_gmt":"2024-11-06T11:17:31","slug":"termeni-agile","status":"publish","type":"page","link":"https:\/\/colorsinprojects.ro\/en\/resurse\/termeni-agile\/","title":{"rendered":"Agile Terminology"},"content":{"rendered":"<div class=\"ddmobonly pulcont\">\n<h2>\u00cenva\u021b\u0103 terminologia folosit\u0103 \u00een Agile de la exper\u021bii no\u0219tri\u2026<\/h2>\n<p>Venim \u00een sprijinul t\u0103u cu o nou\u0103 resurs\u0103 ce te va ajuta s\u0103 \u00een\u021belegi mai bine terminologia Agile, precum \u0219i conexiunile dintre diverse practici \u0219i instrumente utilizate \u00eentr-un context agil. Dac\u0103 ai sugestii pentru revizuirea termenilor existen\u021bi sau idei pentru termeni noi, nu ezita s\u0103 ne contactezi!<\/p>\n<div class=\"clear\"><\/div>\n<div class=\"ccpform\">\n<h2>Parcurge eBook-ul \u0219i vei descoperi traducerea \u00een rom\u00e2n\u0103 a termenilor folosi\u021bi \u00een Agile.<\/h2>\n\n<div class=\"wpcf7 no-js\" id=\"wpcf7-f2705-o1\" lang=\"en-US\" dir=\"ltr\" data-wpcf7-id=\"2705\">\n<div class=\"screen-reader-response\"><p role=\"status\" aria-live=\"polite\" aria-atomic=\"true\"><\/p> <ul><\/ul><\/div>\n<form action=\"\/en\/wp-json\/wp\/v2\/pages\/1398#wpcf7-f2705-o1\" method=\"post\" class=\"wpcf7-form init\" aria-label=\"Contact form\" novalidate=\"novalidate\" data-status=\"init\" data-trp-original-action=\"\/en\/wp-json\/wp\/v2\/pages\/1398#wpcf7-f2705-o1\">\n<fieldset class=\"hidden-fields-container\"><input type=\"hidden\" name=\"_wpcf7\" value=\"2705\" \/><input type=\"hidden\" name=\"_wpcf7_version\" value=\"6.1.4\" \/><input type=\"hidden\" name=\"_wpcf7_locale\" value=\"en_US\" \/><input type=\"hidden\" name=\"_wpcf7_unit_tag\" value=\"wpcf7-f2705-o1\" \/><input type=\"hidden\" name=\"_wpcf7_container_post\" value=\"0\" \/><input type=\"hidden\" name=\"_wpcf7_posted_data_hash\" value=\"\" \/>\n<\/fieldset>\n<p><span class=\"wpcf7-form-control-wrap\" data-name=\"nume\"><input size=\"40\" maxlength=\"400\" class=\"wpcf7-form-control wpcf7-text wpcf7-validates-as-required\" aria-required=\"true\" aria-invalid=\"false\" placeholder=\"Name (mandatory)\" value=\"\" type=\"text\" name=\"nume\" \/><\/span>\n<\/p>\n<p><span class=\"wpcf7-form-control-wrap\" data-name=\"email\"><input size=\"40\" maxlength=\"400\" class=\"wpcf7-form-control wpcf7-email wpcf7-validates-as-required wpcf7-text wpcf7-validates-as-email\" aria-required=\"true\" aria-invalid=\"false\" placeholder=\"Email address (mandatory)\" value=\"\" type=\"email\" name=\"email\" \/><\/span>\n<\/p>\n<p><span class=\"wpcf7-form-control-wrap\" data-name=\"telefon\"><input size=\"40\" maxlength=\"400\" class=\"wpcf7-form-control wpcf7-text\" aria-invalid=\"false\" placeholder=\"Domeniu de activitate\" value=\"\" type=\"text\" name=\"telefon\" \/><\/span>\n<\/p>\n<p class=\"flleftis\"><span class=\"colored\">*<\/span> Regulamentului general privind protec\u021bia datelor (GDPR): prin completarea formularului de mai sus sunte\u021bi de acord cu folosirea datelor \u00een scopul trimiterii de nout\u0103\u021bi legate de Managementul de proiect \u0219i activitatea Colors in Projects prin intermediul a maximum dou\u0103 \u00een\u0219tiin\u021b\u0103ri pe lun\u0103. V\u0103 inform\u0103m c\u0103 ave\u021bi dreptul s\u0103 v\u0103 retrage\u021bi oric\u00e2nd consim\u021b\u0103m\u00e2ntul printr-un simplu e-mail sau unsubscribe.\n<\/p>\n<p class=\"colored\"><span class=\"wpcf7-form-control-wrap\" data-name=\"gdprboxfdc\"><span class=\"wpcf7-form-control wpcf7-checkbox wpcf7-validates-as-required\"><span class=\"wpcf7-list-item first last\"><input type=\"checkbox\" name=\"gdprboxfdc[]\" value=\"Sunt de acord cu folosirea datelor personale\" \/><span class=\"wpcf7-list-item-label\">I agree to the use of personal data.<\/span><\/span><\/span><\/span>\n<\/p>\n<div class=\"visible-only-if-valid dldlink\">\n\t<p><a href=\"https:\/\/colorsinprojects.ro\/wp-content\/uploads\/2023\/11\/Termeni-Agile-eBook_Colors-in-Projects.pdf\" target=\"_blank\">Descarc\u0103 eBook-ul<\/a>\n\t<\/p>\n<\/div>\n<p class=\"btntrimix\"><input class=\"wpcf7-form-control wpcf7-submit has-spinner\" type=\"submit\" value=\"send\" \/>\n<\/p><input type='hidden' class='wpcf7-pum' value='{\"closepopup\":false,\"closedelay\":0,\"openpopup\":false,\"openpopup_id\":0}' \/><div class=\"wpcf7-response-output\" aria-hidden=\"true\"><\/div>\n<input type=\"hidden\" name=\"trp-form-language\" value=\"en\"\/><\/form>\n<\/div>\n\n<\/div>\n<\/div>","protected":false},"excerpt":{"rendered":"<p>\u00cenva\u021b\u0103 terminologia folosit\u0103 \u00een Agile de la exper\u021bii no\u0219tri\u2026 Venim \u00een sprijinul t\u0103u cu o nou\u0103 resurs\u0103 ce te va ajuta s\u0103 \u00een\u021belegi mai bine terminologia Agile, precum \u0219i conexiunile dintre diverse practici \u0219i instrumente utilizate \u00eentr-un context agil. Dac\u0103 ai sugestii pentru revizuirea termenilor existen\u021bi sau idei pentru termeni noi, nu ezita s\u0103 ne [&hellip;]<\/p>","protected":false},"author":1,"featured_media":2741,"parent":1163,"menu_order":0,"comment_status":"closed","ping_status":"closed","template":"full-width-template.php","meta":{"_acf_changed":false,"footnotes":""},"class_list":["post-1398","page","type-page","status-publish","has-post-thumbnail","hentry"],"acf":[],"_links":{"self":[{"href":"https:\/\/colorsinprojects.ro\/en\/wp-json\/wp\/v2\/pages\/1398","targetHints":{"allow":["GET"]}}],"collection":[{"href":"https:\/\/colorsinprojects.ro\/en\/wp-json\/wp\/v2\/pages"}],"about":[{"href":"https:\/\/colorsinprojects.ro\/en\/wp-json\/wp\/v2\/types\/page"}],"author":[{"embeddable":true,"href":"https:\/\/colorsinprojects.ro\/en\/wp-json\/wp\/v2\/users\/1"}],"replies":[{"embeddable":true,"href":"https:\/\/colorsinprojects.ro\/en\/wp-json\/wp\/v2\/comments?post=1398"}],"version-history":[{"count":34,"href":"https:\/\/colorsinprojects.ro\/en\/wp-json\/wp\/v2\/pages\/1398\/revisions"}],"predecessor-version":[{"id":2740,"href":"https:\/\/colorsinprojects.ro\/en\/wp-json\/wp\/v2\/pages\/1398\/revisions\/2740"}],"up":[{"embeddable":true,"href":"https:\/\/colorsinprojects.ro\/en\/wp-json\/wp\/v2\/pages\/1163"}],"wp:featuredmedia":[{"embeddable":true,"href":"https:\/\/colorsinprojects.ro\/en\/wp-json\/wp\/v2\/media\/2741"}],"wp:attachment":[{"href":"https:\/\/colorsinprojects.ro\/en\/wp-json\/wp\/v2\/media?parent=1398"}],"curies":[{"name":"wp","href":"https:\/\/api.w.org\/{rel}","templated":true}]}}