{"id":1684,"date":"2021-01-22T17:14:16","date_gmt":"2021-01-22T15:14:16","guid":{"rendered":"https:\/\/colorsinprojects.ro\/?page_id=1684"},"modified":"2024-11-18T10:37:56","modified_gmt":"2024-11-18T08:37:56","slug":"safe-training","status":"publish","type":"page","link":"https:\/\/colorsinprojects.ro\/en\/safe-training\/","title":{"rendered":"SAFe\u00ae Training"},"content":{"rendered":"<div class=\"wbfrli mtop30\">\n<p>Choose SAFe training when you aim to:<\/p>\n<ul class=\"rteindent1\">\n<li>to expand Agile implementation from team level to entire organization;<\/li>\n<li>your teams to be synchronized and collaborate to avoid bottlenecks or impediments in delivering the final result;<\/li>\n<li>to achieve increased productivity across the entire organization\u2026<\/li>\n<\/ul>\n<p>Our certified training courses detail all these aspects.<\/p>\n<\/div>\n<p style=\"text-align: right; margin-bottom: 30px; font-size: 20px;\"><em>Need a customized in-house SAFe training course for your company? <a class=\"fancybox colored\" href=\"#keyfrm\">Contact us!<\/a><\/em><\/p>\n<div id=\"keyf\">\n<div id=\"keyfrm\">\n<div class=\"wpcf7 no-js\" id=\"wpcf7-f689-o1\" lang=\"en-US\" dir=\"ltr\" data-wpcf7-id=\"689\">\n<div class=\"screen-reader-response\"><p role=\"status\" aria-live=\"polite\" aria-atomic=\"true\"><\/p> <ul><\/ul><\/div>\n<form action=\"\/en\/wp-json\/wp\/v2\/pages\/1684#wpcf7-f689-o1\" method=\"post\" class=\"wpcf7-form init\" aria-label=\"Contact form\" novalidate=\"novalidate\" data-status=\"init\" data-trp-original-action=\"\/en\/wp-json\/wp\/v2\/pages\/1684#wpcf7-f689-o1\">\n<fieldset class=\"hidden-fields-container\"><input type=\"hidden\" name=\"_wpcf7\" value=\"689\" \/><input type=\"hidden\" name=\"_wpcf7_version\" value=\"6.1.4\" \/><input type=\"hidden\" name=\"_wpcf7_locale\" value=\"en_US\" \/><input type=\"hidden\" name=\"_wpcf7_unit_tag\" value=\"wpcf7-f689-o1\" \/><input type=\"hidden\" name=\"_wpcf7_container_post\" value=\"0\" \/><input type=\"hidden\" name=\"_wpcf7_posted_data_hash\" value=\"\" \/>\n<\/fieldset>\n<div class=\"sctttl\">\n\t<p>S\u0103 ne cunoa\u0219tem!\n\t<\/p>\n<\/div>\n<div class=\"nofset\">\n\t<p><span class=\"wpcf7-form-control-wrap\" data-name=\"nume\"><input size=\"40\" maxlength=\"400\" class=\"wpcf7-form-control wpcf7-text wpcf7-validates-as-required\" aria-required=\"true\" aria-invalid=\"false\" placeholder=\"Name (mandatory)\" value=\"\" type=\"text\" name=\"nume\" \/><\/span>\n\t<\/p>\n<\/div>\n<div class=\"sctttl ofstop\">\n\t<p>Unde te putem contacta?\n\t<\/p>\n<\/div>\n<div class=\"column colleft btm20off\">\n\t<p><span class=\"wpcf7-form-control-wrap\" data-name=\"email\"><input size=\"40\" maxlength=\"400\" class=\"wpcf7-form-control wpcf7-email wpcf7-validates-as-required wpcf7-text wpcf7-validates-as-email\" aria-required=\"true\" aria-invalid=\"false\" placeholder=\"Email (obligatoriu)\" value=\"\" type=\"email\" name=\"email\" \/><\/span>\n\t<\/p>\n<\/div>\n<div class=\"column btm20off\">\n\t<p><span class=\"wpcf7-form-control-wrap\" data-name=\"telefon\"><input size=\"40\" maxlength=\"400\" class=\"wpcf7-form-control wpcf7-tel wpcf7-text wpcf7-validates-as-tel\" aria-invalid=\"false\" placeholder=\"Telefon\" value=\"\" type=\"tel\" name=\"telefon\" \/><\/span>\n\t<\/p>\n<\/div>\n<div class=\"sctttl\">\n\t<p>Care este subiectul care te intereseaz\u0103?\n\t<\/p>\n<\/div>\n<div class=\"nofset\">\n\t<p><span class=\"wpcf7-form-control-wrap\" data-name=\"subiect\"><input size=\"40\" maxlength=\"400\" class=\"wpcf7-form-control wpcf7-text\" aria-invalid=\"false\" placeholder=\"Subiect\" value=\"\" type=\"text\" name=\"subiect\" \/><\/span>\n\t<\/p>\n<\/div>\n<div class=\"sctttl ofstop\">\n\t<p>Num\u0103r estimat de participan\u021bi?\n\t<\/p>\n<\/div>\n<div class=\"nofset\">\n\t<p><span class=\"wpcf7-form-control-wrap\" data-name=\"participanti\"><select class=\"wpcf7-form-control wpcf7-select\" aria-invalid=\"false\" name=\"participanti\"><option value=\"1\">1<\/option><option value=\"2\">2<\/option><option value=\"3\">3<\/option><option value=\"4\">4<\/option><option value=\"5\">5<\/option><option value=\"6\">6<\/option><option value=\"7\">7<\/option><option value=\"8\">8<\/option><option value=\"9\">9<\/option><option value=\"10\">10<\/option><option value=\"11\">11<\/option><option value=\"12\">12<\/option><option value=\"13\">13<\/option><option value=\"14\">14<\/option><option value=\"15\">15<\/option><option value=\"16\">16<\/option><option value=\"17\">17<\/option><option value=\"18\">18<\/option><option value=\"19\">19<\/option><option value=\"20\">20<\/option><\/select><\/span>\n\t<\/p>\n<\/div>\n<div class=\"sctttl ofstop\">\n\t<p>Loca\u021bie organizare curs?\n\t<\/p>\n<\/div>\n<div class=\"nofset\">\n\t<p><span class=\"wpcf7-form-control-wrap\" data-name=\"locatie\"><input size=\"40\" maxlength=\"400\" class=\"wpcf7-form-control wpcf7-text\" aria-invalid=\"false\" value=\"\" type=\"text\" name=\"locatie\" \/><\/span>\n\t<\/p>\n<\/div>\n<div class=\"sctttl ofstop\">\n\t<p>Dac\u0103 nu ai g\u0103sit subiectul pe care \u00eel c\u0103utai scrie-ne \u0219i spune-ne ce te intereseaz\u0103. Avem experien\u021b\u0103 \u00een personalizarea cursurilor conform cerin\u021belor clien\u021bilor.\n\t<\/p>\n<\/div>\n<div class=\"nofset\">\n\t<p><span class=\"wpcf7-form-control-wrap\" data-name=\"informatii\"><textarea cols=\"40\" rows=\"10\" maxlength=\"2000\" class=\"wpcf7-form-control wpcf7-textarea\" aria-invalid=\"false\" placeholder=\"Message\" name=\"informatii\"><\/textarea><\/span>\n\t<\/p>\n<\/div>\n<p><span class=\"colored\">*<\/span> The personal data provided is used for completing the registration process, logistical details, and is used for issuing invoices\/contracts.\n<\/p>\n<div class=\"nccttls\">\n\t<p>Termeni \u0219i condi\u021bii\n\t<\/p>\n<\/div>\n<p>Acest formular de \u00eenregistrare constituie un contract de v\u00e2nzare-cump\u0103rare de natur\u0103 juridic\u0103 \u00eentre Colors in Projects SRL, denumit \u00een continuare Furnizor, \u015fi participantul la curs, denumit \u00een continuare Client. Prin completarea \u015fi trimiterea acestui formular, toate condi\u021biile de mai jos sunt acceptate de comun acord \u015fi cu bun\u0103-credin\u0163\u0103.\n<\/p>\n<div class=\"togdivs\">\n\t<p>Termeni \u0219i condi\u021bii\n\t<\/p>\n<\/div>\n<div class=\"hidndiv\">\n\t<p>1. Taxe: Taxa de \u00eenregistrare cuprinde contravaloarea materialelor de curs, pauzele de cafea \u0219i pr\u00e2nzul, dar exclude cheltuielile de cazare \u015fi de c\u0103l\u0103torie. Cursul de schimb valutar EUR\/RON\/GBP este cursul de schimb BNR la data emiterii facturii.<br \/>\n2. Condi\u021bii de plat\u0103: Dup\u0103 primirea formularului de \u00eenregistrare, toate pl\u0103\u0163ile trebuie f\u0103cute \u00een termen de 5 (cinci) zile lucr\u0103toare. Toate pl\u0103\u0163ile trebuie s\u0103 fie \u00eencasate \u00eenainte de \u00eenceperea cursului. Dup\u0103 \u00eenregistrare, plata trebuie executat\u0103 conform condi\u021biilor din prezentul Contract, indiferent de participarea sau neparticiparea ulterioar\u0103 la curs. \u00cen cazul \u00een care o parte a pre\u021bului stabilit \u00een acest Contract reprezint\u0103 obiectul unor taxe na\u021bionale, locale, sau TVA, Furnizorul \u00ee\u015fi rezerv\u0103 dreptul de a ad\u0103uga aceste taxe la factura final\u0103 sau de a recupera sumele de la Client din momentul \u00een care devin exigibile.<br \/>\n3. Anularea \/ \u00cenlocuirea: Orice anulare primit\u0103 \u00een mai pu\u021bin de 2 zile lucr\u0103toare \u00eenainte de curs presupune o obliga\u021bie de plat\u0103 din partea Clientului de 100%. Nu se va face nicio restituire, restituirea par\u0163ial\u0103 sau orice ofert\u0103 alternativ\u0103. \u00cenlocuirea unui participant este permis\u0103 prin furnizarea unui aviz \u00een scris c\u0103tre Furnizor, nu mai t\u00e2rziu de 2 zile lucr\u0103toare \u00eenainte de curs. Prin semnarea acestui formular de \u00eenregistrare clientul este de acord c\u0103, \u00een caz de litigiu sau anulare, Furnizorul nu va fi capabil s\u0103 \u00ee\u0219i reduc\u0103 pierderile cu mai pu\u021bin de 50% din valoarea total\u0103 a contractului. Dac\u0103, din orice motiv Furnizorul decide s\u0103 am\u00e2ne sau s\u0103 anuleze evenimentul, Furnizorul nu este responsabil pentru acoperirea biletului de avion, hotelului sau orice alt cost suportat de c\u0103tre Client.<br \/>\n4. Desp\u0103gubire: Furnizorul \u00ee\u015fi rezerv\u0103 dreptul de a modifica con\u021binutul, data \u0219i loca\u021bia cursului, dac\u0103 circumstan\u0163ele o cer. \u00cen astfel de cazuri nu se va aplica nicio penalizare \u0219i nu se va face nici o restituire, restituire par\u0163ial\u0103, sau ofert\u0103 alternativ\u0103. \u00cen cazul \u00een care Furnizorul anuleaz\u0103 permanent cursul din orice motiv \u015fi cu condi\u0163ia ca acesta s\u0103 nu fi fost am\u00e2nat sau coroborat cu orice alt eveniment la o dat\u0103 ulterioar\u0103, Clientul va primi plata integral\u0103 \u00een termen de 14 zile lucr\u0103toare de la data ini\u0163ial\u0103 propus\u0103 a cursului.<br \/>\n5. Drepturi de autor: Toate drepturile de proprietate intelectual\u0103 \u00een toate materialele produse \u015fi distribuite de c\u0103tre Furnizor sunt rezervate \u00een mod expres \u015fi orice multiplicare, publicare sau distribuire neautorizat\u0103 este interzis\u0103 f\u0103r\u0103 acordul scris al Furnizorului.\n\t<\/p>\n<\/div>\n<div class=\"chkbxs dkbluec\">\n\t<p><span class=\"wpcf7-form-control-wrap\" data-name=\"termen\"><span class=\"wpcf7-form-control wpcf7-checkbox wpcf7-validates-as-required\"><span class=\"wpcf7-list-item first last\"><input type=\"checkbox\" name=\"termen[]\" value=\"Sunt de acord cu termenii \u0219i condi\u021biile exprimate mai sus\" \/><span class=\"wpcf7-list-item-label\">Sunt de acord cu termenii \u0219i condi\u021biile exprimate mai sus<\/span><\/span><\/span><\/span>\n\t<\/p>\n<\/div>\n<div class=\"nccttls mtop30\">\n\t<p>General Data Protection Regulation (GDPR)\n\t<\/p>\n<\/div>\n<p>In accordance with the provisions of the General Data Protection Regulation (GDPR), we request your consent to use the data received for sending newsletters. Please note that you have the right to withdraw your consent at any time by sending a simple email.\n<\/p>\n<div class=\"chkbxs offtpbm dkbluec\">\n\t<p><span class=\"wpcf7-form-control-wrap\" data-name=\"gdprbox\"><span class=\"wpcf7-form-control wpcf7-checkbox\"><span class=\"wpcf7-list-item first last\"><input type=\"checkbox\" name=\"gdprbox[]\" value=\"Sunt de acord cu folosirea datelor personale\" \/><span class=\"wpcf7-list-item-label\">I agree to the use of personal data.<\/span><\/span><\/span><\/span>\n\t<\/p>\n<\/div>\n<div class=\"btnwrapp\">\n\t<p><input class=\"wpcf7-form-control wpcf7-submit has-spinner\" type=\"submit\" value=\"send\" \/>\n\t<\/p>\n<\/div><input type='hidden' class='wpcf7-pum' value='{\"closepopup\":false,\"closedelay\":0,\"openpopup\":false,\"openpopup_id\":0}' \/><div class=\"wpcf7-response-output\" aria-hidden=\"true\"><\/div>\n<input type=\"hidden\" name=\"trp-form-language\" value=\"en\"\/><\/form>\n<\/div>\n<\/div>\n<\/div>","protected":false},"excerpt":{"rendered":"<p>Alegi SAFe training c\u00e2nd dore\u0219ti: S\u0103 extinzi implementarea Agile de la nivelul echipelor la cel al \u00eentregii organiza\u021bii; Ca echipele tale s\u0103 fie sincronizate \u0219i s\u0103 colaboreze pentru a nu exista blocaje sau impedimente \u00een livrarea rezultatului final (structurare mod de lucru Agile la nivelul \u00eentregii organiza\u021bii); S\u0103 ob\u021bii o cre\u0219tere a productivit\u0103\u021bii din partea [&hellip;]<\/p>","protected":false},"author":1,"featured_media":1943,"parent":0,"menu_order":0,"comment_status":"closed","ping_status":"open","template":"page-safe-training.php","meta":{"_acf_changed":false,"footnotes":""},"class_list":["post-1684","page","type-page","status-publish","has-post-thumbnail","hentry"],"acf":[],"_links":{"self":[{"href":"https:\/\/colorsinprojects.ro\/en\/wp-json\/wp\/v2\/pages\/1684","targetHints":{"allow":["GET"]}}],"collection":[{"href":"https:\/\/colorsinprojects.ro\/en\/wp-json\/wp\/v2\/pages"}],"about":[{"href":"https:\/\/colorsinprojects.ro\/en\/wp-json\/wp\/v2\/types\/page"}],"author":[{"embeddable":true,"href":"https:\/\/colorsinprojects.ro\/en\/wp-json\/wp\/v2\/users\/1"}],"replies":[{"embeddable":true,"href":"https:\/\/colorsinprojects.ro\/en\/wp-json\/wp\/v2\/comments?post=1684"}],"version-history":[{"count":13,"href":"https:\/\/colorsinprojects.ro\/en\/wp-json\/wp\/v2\/pages\/1684\/revisions"}],"predecessor-version":[{"id":3410,"href":"https:\/\/colorsinprojects.ro\/en\/wp-json\/wp\/v2\/pages\/1684\/revisions\/3410"}],"wp:featuredmedia":[{"embeddable":true,"href":"https:\/\/colorsinprojects.ro\/en\/wp-json\/wp\/v2\/media\/1943"}],"wp:attachment":[{"href":"https:\/\/colorsinprojects.ro\/en\/wp-json\/wp\/v2\/media?parent=1684"}],"curies":[{"name":"wp","href":"https:\/\/api.w.org\/{rel}","templated":true}]}}