{"id":1819,"date":"2021-04-09T10:42:20","date_gmt":"2021-04-09T07:42:20","guid":{"rendered":"https:\/\/colorsinprojects.ro\/?page_id=1819"},"modified":"2024-11-06T13:15:16","modified_gmt":"2024-11-06T11:15:16","slug":"video-agile","status":"publish","type":"page","link":"https:\/\/colorsinprojects.ro\/en\/resurse\/video-agile\/","title":{"rendered":"Video Agile"},"content":{"rendered":"<h2 class=\"colmgt\">Despre Agile, video cu video.<\/h2>\n<div class=\"section pulcont pulltop nops\">\n<div class=\"col3\">\n<div class=\"c3wrapp\">\n<div class=\"c2video\"><iframe src=\"https:\/\/www.youtube.com\/embed\/Hid-DMgvExI\" width=\"350\" height=\"196\" frameborder=\"0\" allowfullscreen=\"allowfullscreen\"><\/iframe><\/div>\n<\/div>\n<\/div>\n<div class=\"col3\">\n<div class=\"c3wrapp\">\n<div class=\"c2video\"><iframe src=\"https:\/\/www.youtube.com\/embed\/wADqe0fzSS0\" width=\"350\" height=\"196\" frameborder=\"0\" allowfullscreen=\"allowfullscreen\"><\/iframe><\/div>\n<\/div>\n<\/div>\n<div class=\"col3\">\n<div class=\"c3wrapp\">\n<div class=\"c2text colmgt tleft mtxt3\">Cum se reinterpreteaz\u0103 Agile \u00een condi\u021biile lucrului \u00een mediul online? cu Dan Mircea Suciu \u0219i Simona Bonghez<\/div>\n<\/div>\n<\/div>\n<div class=\"clear\"><\/div>\n<\/div>\n<div class=\"section pulcont pulltop nops\">\n<div class=\"col1\">\n<div class=\"c3wrapp\">\n<div class=\"c2text colmgt tleft mtxt3\">Exist\u0103 studii de caz despre implementarea Agile \u00een automotive? cu Simona Bonghez<\/div>\n<\/div>\n<\/div>\n<div class=\"col3\">\n<div class=\"c3wrapp\">\n<div class=\"c2video\"><iframe src=\"https:\/\/www.youtube.com\/embed\/5ImhxPR-ax0\" width=\"350\" height=\"196\" frameborder=\"0\" allowfullscreen=\"allowfullscreen\"><\/iframe><\/div>\n<\/div>\n<\/div>\n<div class=\"clear\"><\/div>\n<\/div>\n<div class=\"section pulcont pulltop nops\">\n<div class=\"c3wrapp\">\n<div class=\"c2text colmgt tleft mtxt3\">Care este mitul preferat despre Agile sau adop\u021bia Agile \u00een organiza\u021bie? cu Dan Mircea Suciu, Bogdan Mure\u0219an \u0219i Simona Bonghez<\/div>\n<\/div>\n<div class=\"col3\">\n<div class=\"c3wrapp\">\n<div class=\"c2video\"><iframe src=\"https:\/\/www.youtube.com\/embed\/qAAy6MWvMSY\" width=\"350\" height=\"196\" frameborder=\"0\" allowfullscreen=\"allowfullscreen\"><\/iframe><\/div>\n<\/div>\n<\/div>\n<div class=\"col3\">\n<div class=\"c3wrapp\">\n<div class=\"c2video\"><iframe src=\"https:\/\/www.youtube.com\/embed\/ED4G_P3CMIo\" width=\"350\" height=\"196\" frameborder=\"0\" allowfullscreen=\"allowfullscreen\"><\/iframe><\/div>\n<\/div>\n<\/div>\n<div class=\"col3\">\n<div class=\"c3wrapp\">\n<div class=\"c2video\"><iframe src=\"https:\/\/www.youtube.com\/embed\/ycaP9LzmKdU\" width=\"350\" height=\"196\" frameborder=\"0\" allowfullscreen=\"allowfullscreen\"><\/iframe><\/div>\n<\/div>\n<\/div>\n<div class=\"clear\"><\/div>\n<\/div>\n<div class=\"section pulcont pulltop nops\">\n<div class=\"col3\">\n<div class=\"c3wrapp\">\n<div class=\"c2video\"><iframe src=\"https:\/\/www.youtube.com\/embed\/ifO23dBSLmY\" width=\"350\" height=\"196\" frameborder=\"0\" allowfullscreen=\"allowfullscreen\"><\/iframe><\/div>\n<\/div>\n<\/div>\n<div class=\"col1\">\n<div class=\"c3wrapp\">\n<div class=\"c2text colmgt tleft mtxt3\">\u0218tim c\u0103 estim\u0103rile \u00een proiecte nu sunt \u00eentotdeauna realiste. Ce se poate face \u00een acest sens? Cu Bogdan Mure\u0219an<\/div>\n<\/div>\n<\/div>\n<div class=\"clear\"><\/div>\n<\/div>\n<div class=\"section pulcont pulltop nops\">\n<div class=\"col1\">\n<div class=\"c3wrapp\">\n<div class=\"c2text colmgt tleft mtxt3\">Exist\u0103 probleme de integrare a indivizilor \u00een echip\u0103 la implementarea Agile? cu Dan Mircea Suciu<\/div>\n<\/div>\n<\/div>\n<div class=\"col3\">\n<div class=\"c3wrapp\">\n<div class=\"c2video\"><iframe src=\"https:\/\/www.youtube.com\/embed\/7pyhmtnYXXk\" width=\"350\" height=\"196\" frameborder=\"0\" allowfullscreen=\"allowfullscreen\"><\/iframe><\/div>\n<\/div>\n<\/div>\n<div class=\"clear\"><\/div>\n<\/div>\n<div class=\"section pulcont pulltop nops\">\n<div class=\"col3\">\n<div class=\"c3wrapp\">\n<div class=\"c2video\"><iframe src=\"https:\/\/www.youtube.com\/embed\/G3VYftYlyO0\" width=\"350\" height=\"196\" frameborder=\"0\" allowfullscreen=\"allowfullscreen\"><\/iframe><\/div>\n<\/div>\n<\/div>\n<div class=\"col1\">\n<div class=\"c3wrapp\">\n<div class=\"c2text colmgt tleft mtxt3\">\u00cen SAFe\u00ae exist\u0103 o planificare pe 3 luni. Nu contravine acest lucru principiilor Agile? cu Bogdan Mure\u0219an<\/div>\n<\/div>\n<\/div>\n<div class=\"clear\"><\/div>\n<\/div>\n<div class=\"section pulcont pulltop nops\">\n<div class=\"col1\">\n<div class=\"c3wrapp\">\n<div class=\"c2text colmgt tleft mtxt3\">Ai scris un articol interesant despre \u201dr\u0103zg\u00e2ndire\u201d. Cum se \u201dr\u0103zg\u00e2ndesc\u201d echipele Agile? cu Dan Mircea Suciu<\/div>\n<\/div>\n<\/div>\n<div class=\"col3\">\n<div class=\"c3wrapp\">\n<div class=\"c2video\"><iframe src=\"https:\/\/www.youtube.com\/embed\/OPSnOTvIs68\" width=\"350\" height=\"196\" frameborder=\"0\" allowfullscreen=\"allowfullscreen\"><\/iframe><\/div>\n<\/div>\n<\/div>\n<div class=\"clear\"><\/div>\n<\/div>\n<div class=\"section pulcont pulltop nops\">\n<div class=\"col3\">\n<div class=\"c3wrapp\">\n<div class=\"c2video\"><iframe src=\"https:\/\/www.youtube.com\/embed\/RfdAYPKO-XQ\" width=\"350\" height=\"196\" frameborder=\"0\" allowfullscreen=\"allowfullscreen\"><\/iframe><\/div>\n<\/div>\n<\/div>\n<div class=\"col3\">\n<div class=\"c3wrapp\">\n<div class=\"c2video\"><iframe src=\"https:\/\/www.youtube.com\/embed\/BiZ1hKFzXO0\" width=\"350\" height=\"196\" frameborder=\"0\" allowfullscreen=\"allowfullscreen\"><\/iframe><\/div>\n<\/div>\n<\/div>\n<div class=\"col3\">\n<div class=\"c3wrapp\">\n<div class=\"c2text colmgt tleft mtxt3\">Cum este afectat Agile de pandemie? cu Simona Bonghez \u0219i Bogdan Mure\u0219an<\/div>\n<\/div>\n<\/div>\n<div class=\"clear\"><\/div>\n<\/div>\n<div class=\"section pulcont pulltop nops\">\n<div class=\"col3\">\n<div class=\"c3wrapp\">\n<div class=\"c2text colmgt tleft mtxt3\">Cum se reinterpreteaz\u0103 Agile \u00een condi\u021biile lucrului \u00een mediul online? cu Dan Mircea Suciu \u0219i Simona Bonghez<\/div>\n<\/div>\n<\/div>\n<div class=\"col3\">\n<div class=\"c3wrapp\">\n<div class=\"c2video\"><iframe src=\"https:\/\/www.youtube.com\/embed\/9-Ln8IdmvTs\" width=\"350\" height=\"196\" frameborder=\"0\" allowfullscreen=\"allowfullscreen\"><\/iframe><\/div>\n<\/div>\n<\/div>\n<div class=\"col3\">\n<div class=\"c3wrapp\">\n<div class=\"c2video\"><iframe src=\"https:\/\/www.youtube.com\/embed\/tfvkdITPjdY\" width=\"350\" height=\"196\" frameborder=\"0\" allowfullscreen=\"allowfullscreen\"><\/iframe><\/div>\n<\/div>\n<\/div>\n<div class=\"clear\"><\/div>\n<\/div>\n<div class=\"section pulcont pulltop nops\">\n<div class=\"col1\">\n<div class=\"c2wrapp\">\n<div class=\"c2text colmgt tleft mtxt3\">Care abordare este mai bun\u0103: abordarea predictiv\u0103, bazat\u0103 pe dezvoltarea unui plan cuprinz\u0103tor, dorit a fi respectat pe parcursul execu\u021biei (\u0219i c\u0103ruia, \u00een mod traditional, \u00eei spunem waterfall) sau abordarea adaptiv\u0103, care nu doar permite ci chiar \u00eencurajeaz\u0103 schimb\u0103ri pe parcursul execu\u021biei (\u0219i care respect\u0103 mentalitatea Agile)?<\/div>\n<\/div>\n<\/div>\n<div class=\"col3\">\n<div class=\"c2wrapp\">\n<div class=\"c2video\"><iframe src=\"https:\/\/www.youtube.com\/embed\/wIyem0JZs5I\" width=\"350\" height=\"196\" frameborder=\"0\" allowfullscreen=\"allowfullscreen\"><\/iframe><\/div>\n<\/div>\n<\/div>\n<div class=\"clear\"><\/div>\n<\/div>\n<div class=\"section pulcont nops\">\n<div class=\"col3\">\n<div class=\"c2wrapp\">\n<div class=\"c2video\"><iframe src=\"https:\/\/www.youtube.com\/embed\/PinAJtiD-Ns\" width=\"350\" height=\"196\" frameborder=\"0\" allowfullscreen=\"allowfullscreen\"><\/iframe><\/div>\n<\/div>\n<\/div>\n<div class=\"col1\">\n<div class=\"c2wrapp\">\n<div class=\"c2text colmgt mtxt3\">Suntem \u00eenaintea lans\u0103rii unui proiect \u0219i ne dorim o modalitate concret\u0103 de alegere \u00eentre cele dou\u0103 abord\u0103ri. Exist\u0103 oare a solu\u021bie care s\u0103 ne conduc\u0103 spre o decizie corect\u0103? Matricea de complexitate Stacey ne ofer\u0103, desigur, o imagine de ansamblu, dar o discu\u021bie mult mai specific\u0103 putem avea pe baza unui instrument numit Filtru de Compatibilitate Agile (Agile Suitability Filter) descris \u00een detaliu \u00een Ghidul Practic Agile (PMI, 2017, 125).<\/div>\n<\/div>\n<\/div>\n<div class=\"clear\"><\/div>\n<\/div>\n<div class=\"section pulcont pulltop nops\">\n<div class=\"col1\">\n<div class=\"c2wrapp\">\n<div class=\"c2text colmgt tleft\">Beneficiile abord\u0103rii unui mod de lucru Agile.<\/div>\n<\/div>\n<\/div>\n<div class=\"col3\">\n<div class=\"c2wrapp\">\n<div class=\"c2video\"><iframe src=\"https:\/\/www.youtube.com\/embed\/fuMv36CkqOE\" width=\"350\" height=\"196\" frameborder=\"0\" allowfullscreen=\"allowfullscreen\"><\/iframe><\/div>\n<\/div>\n<\/div>\n<div class=\"clear\"><\/div>\n<\/div>\n<div class=\"section pulcont nops\">\n<div class=\"col3\">\n<div class=\"c2wrapp\">\n<div class=\"c2video\"><iframe src=\"https:\/\/www.youtube.com\/embed\/jBZ6keIh2do\" width=\"350\" height=\"196\" frameborder=\"0\" allowfullscreen=\"allowfullscreen\"><\/iframe><\/div>\n<\/div>\n<\/div>\n<div class=\"col1\">\n<div class=\"c2wrapp\">\n<div class=\"c2text colmgt mtxt3\">Provoc\u0103rile adopt\u0103rii unui mod de lucru Agile .<\/div>\n<\/div>\n<\/div>\n<div class=\"clear\"><\/div>\n<\/div>","protected":false},"excerpt":{"rendered":"<p>Despre Agile, video cu video. Cum se reinterpreteaz\u0103 Agile \u00een condi\u021biile lucrului \u00een mediul online? cu Dan Mircea Suciu \u0219i Simona Bonghez Exist\u0103 studii de caz despre implementarea Agile \u00een automotive? cu Simona Bonghez Care este mitul preferat despre Agile sau adop\u021bia Agile \u00een organiza\u021bie? cu Dan Mircea Suciu, Bogdan Mure\u0219an \u0219i Simona Bonghez \u0218tim [&hellip;]<\/p>","protected":false},"author":1,"featured_media":1829,"parent":1163,"menu_order":0,"comment_status":"closed","ping_status":"open","template":"full-width-template.php","meta":{"_acf_changed":false,"footnotes":""},"class_list":["post-1819","page","type-page","status-publish","has-post-thumbnail","hentry"],"acf":[],"_links":{"self":[{"href":"https:\/\/colorsinprojects.ro\/en\/wp-json\/wp\/v2\/pages\/1819","targetHints":{"allow":["GET"]}}],"collection":[{"href":"https:\/\/colorsinprojects.ro\/en\/wp-json\/wp\/v2\/pages"}],"about":[{"href":"https:\/\/colorsinprojects.ro\/en\/wp-json\/wp\/v2\/types\/page"}],"author":[{"embeddable":true,"href":"https:\/\/colorsinprojects.ro\/en\/wp-json\/wp\/v2\/users\/1"}],"replies":[{"embeddable":true,"href":"https:\/\/colorsinprojects.ro\/en\/wp-json\/wp\/v2\/comments?post=1819"}],"version-history":[{"count":23,"href":"https:\/\/colorsinprojects.ro\/en\/wp-json\/wp\/v2\/pages\/1819\/revisions"}],"predecessor-version":[{"id":1827,"href":"https:\/\/colorsinprojects.ro\/en\/wp-json\/wp\/v2\/pages\/1819\/revisions\/1827"}],"up":[{"embeddable":true,"href":"https:\/\/colorsinprojects.ro\/en\/wp-json\/wp\/v2\/pages\/1163"}],"wp:featuredmedia":[{"embeddable":true,"href":"https:\/\/colorsinprojects.ro\/en\/wp-json\/wp\/v2\/media\/1829"}],"wp:attachment":[{"href":"https:\/\/colorsinprojects.ro\/en\/wp-json\/wp\/v2\/media?parent=1819"}],"curies":[{"name":"wp","href":"https:\/\/api.w.org\/{rel}","templated":true}]}}