{"id":466,"date":"2020-05-09T01:43:26","date_gmt":"2020-05-08T22:43:26","guid":{"rendered":"https:\/\/www.qhost.ro\/dev\/cip\/new\/?page_id=466"},"modified":"2020-08-25T15:30:25","modified_gmt":"2020-08-25T12:30:25","slug":"lego-serious-play","status":"publish","type":"page","link":"https:\/\/colorsinprojects.ro\/en\/lego-serious-play\/","title":{"rendered":"METODA LEGO\u00ae SERIOUS PLAY\u00ae"},"content":{"rendered":"<div class=\"wshold\">\n<div class=\"wscwrapp\">\n<div class=\"sectxt sectxtone\">\n<h2>De ce un asemenea workshop?<\/h2>\n<ul class=\"rteindent1\">\n<li>Pentru a fructifica la maxim experien\u021bele acumulate, ideile \u0219i imagina\u021bia existente \u00een organiza\u021bie<\/li>\n<li>Pentru c\u0103 metodologia LEGO\u00ae SERIOUS PLAY\u00ae exploateaz\u0103 abilitatea uman\u0103 de a imagina, de a descrie \u0219i de a da sens ini\u021biativelor de business, de a ini\u021bia schimb\u0103ri, de a aduce \u00eembun\u0103t\u0103\u021biri \u0219i chiar de a crea ceva total nou<\/li>\n<li>\u00cen cazul \u00een care compania dore\u0219te s\u0103 valorifice toate cuno\u0219tin\u021bele acumulate de echip\u0103, nu doar pentru g\u0103sirea solu\u021biei optime, dar \u0219i pentru asumarea ei de c\u0103tre \u00eentreaga echip\u0103<\/li>\n<\/ul>\n<\/div>\n<div class=\"sectws\">\n<div class=\"stwcol stwone\">\n<div class=\"cwrapp\">\n<div class=\"ctop\">Workshop de dezvoltare a echipei<\/div>\n<div class=\"cbdy\">\n<p>Obiective:<\/p>\n<ul class=\"rteindent1\">\n<li>cre\u0219terea coeziunii echipei;<\/li>\n<li>cre\u0219terea sentimentului de apartenen\u021b\u0103 la echip\u0103;<\/li>\n<li>crearea unei emo\u021bii pozitive legate de echip\u0103;<\/li>\n<li>\u00een\u021belegerea calit\u0103\u021bilor\/ punctelor tari ale fiec\u0103rui membru al echipei<\/li>\n<\/ul>\n<\/div>\n<\/div>\n<\/div>\n<div class=\"stwcol stwtwo\">\n<div class=\"cwrapp\">\n<div class=\"ctop\">Workshop pentru solu\u021bii creative<\/div>\n<div class=\"cbdy\">\n<p>Obiective:<\/p>\n<ul class=\"rteindent1\">\n<li>deblocarea poten\u021bialului existent \u00een fiecare dintre participan\u021bi;<\/li>\n<li>g\u0103sirea unor solu\u021bii inovatoare pentru situa\u021bii deosebite, provocatoare;<\/li>\n<li>\u00eencurajarea particip\u0103rii \u0219i contribu\u021biei fiec\u0103rui participant.<\/li>\n<\/ul>\n<\/div>\n<\/div>\n<\/div>\n<div class=\"sectxt\">\n<h2>\u00cen ce const\u0103 un asemenea Workshop?<\/h2>\n<ul class=\"rteindent1\">\n<li>Fiecare participant construie\u0219te modele LEGO\u00ae tridimensionale ca r\u0103spuns la \u00eentreb\u0103rile facilitatorului, folosind elemente LEGO\u00ae special selectate. Aceste modele servesc ca baz\u0103 pentru discu\u021biile de grup, pentru \u00eemp\u0103rt\u0103\u0219irea cuno\u0219tin\u021belor, pentru rezolvarea problemelor \u0219i luarea deciziilor<\/li>\n<li>Metoda LEGO\u00ae SERIOUS PLAY\u00ae este o tehnic\u0103 care \u00eembun\u0103t\u0103\u021be\u0219te rezolvarea colectiv\u0103 a problemelor (group problem solving). Utiliz\u00e2nd abilit\u0103\u021bi vizuale, auditive \u0219i kinestetice, metoda cere participan\u021bilor s\u0103 exploreze, s\u0103 asculte \u0219i s\u0103 \u00een\u021beleag\u0103, d\u00e2ndu-le, \u00een acela\u0219i timp, fiec\u0103ruia \u00een parte, oportunitatea de a se exprima<\/li>\n<li>Pe durata workshop-ului, vor fi construite modele \u00een mod individual, dar \u0219i colectiv, li se vor da \u00een\u021belesuri prin metafore \u0219i story-making, vor fi discutate diferite posibile scenarii care vor permite o \u00een\u021belegere mai bun\u0103 (\u0219i \u00een profunzime) a situa\u021biilor, vor detalia \u0219i clarifica aspecte ascunse \u0219i vor permite conlucrarea participan\u021bilor pe m\u0103sur\u0103 ce ace\u0219tia &#8216;se joac\u0103&#8217; \u00eempreun\u0103.<\/li>\n<\/ul>\n<p style=\"text-align: right;\">Pentru mai multe detalii v\u0103 rug\u0103m s\u0103 ne <a class=\"fancybox colored\" href=\"https:\/\/colorsinprojects.ro\/en\/agile-coaching\/#keyfrm\">contacta\u021bi.<\/a><\/p>\n<\/div>\n<\/div>\n<\/div>\n<\/div>","protected":false},"excerpt":{"rendered":"<p>De ce un asemenea workshop? Pentru a fructifica la maxim experien\u021bele acumulate, ideile \u0219i imagina\u021bia existente \u00een organiza\u021bie Pentru c\u0103 metodologia LEGO\u00ae SERIOUS PLAY\u00ae exploateaz\u0103 abilitatea uman\u0103 de a imagina, de a descrie \u0219i de a da sens ini\u021biativelor de business, de a ini\u021bia schimb\u0103ri, de a aduce \u00eembun\u0103t\u0103\u021biri \u0219i chiar de a crea ceva [&hellip;]<\/p>","protected":false},"author":1,"featured_media":0,"parent":0,"menu_order":0,"comment_status":"closed","ping_status":"closed","template":"","meta":{"_acf_changed":false,"footnotes":""},"class_list":["post-466","page","type-page","status-publish","hentry"],"acf":[],"_links":{"self":[{"href":"https:\/\/colorsinprojects.ro\/en\/wp-json\/wp\/v2\/pages\/466","targetHints":{"allow":["GET"]}}],"collection":[{"href":"https:\/\/colorsinprojects.ro\/en\/wp-json\/wp\/v2\/pages"}],"about":[{"href":"https:\/\/colorsinprojects.ro\/en\/wp-json\/wp\/v2\/types\/page"}],"author":[{"embeddable":true,"href":"https:\/\/colorsinprojects.ro\/en\/wp-json\/wp\/v2\/users\/1"}],"replies":[{"embeddable":true,"href":"https:\/\/colorsinprojects.ro\/en\/wp-json\/wp\/v2\/comments?post=466"}],"version-history":[{"count":8,"href":"https:\/\/colorsinprojects.ro\/en\/wp-json\/wp\/v2\/pages\/466\/revisions"}],"predecessor-version":[{"id":1300,"href":"https:\/\/colorsinprojects.ro\/en\/wp-json\/wp\/v2\/pages\/466\/revisions\/1300"}],"wp:attachment":[{"href":"https:\/\/colorsinprojects.ro\/en\/wp-json\/wp\/v2\/media?parent=466"}],"curies":[{"name":"wp","href":"https:\/\/api.w.org\/{rel}","templated":true}]}}