{"id":993,"date":"2020-06-12T16:46:03","date_gmt":"2020-06-12T13:46:03","guid":{"rendered":"https:\/\/www.qhost.ro\/dev\/cip\/new\/?page_id=993"},"modified":"2024-11-06T12:42:41","modified_gmt":"2024-11-06T10:42:41","slug":"teste","status":"publish","type":"page","link":"https:\/\/colorsinprojects.ro\/en\/resurse\/teste\/","title":{"rendered":"Teste"},"content":{"rendered":"<h2>Want to quickly test your project management knowledge? If so, we provide you with a series of verification tests.<\/h2>\n<div class=\"tstwrip\">\n<div class=\"col3 tstone\">\n<div class=\"colwrap\">\n<div class=\"c3ttl\">PMP\u00ae TESTS<\/div>\n<div class=\"txtwrp\">\n<div class=\"txtbdy\">Are you preparing for PMP\u00ae certification?<\/div>\n<div class=\"tstbtns\"><a href=\"https:\/\/colorsinprojects.ro\/en\/resurse\/teste\/pmp\/\">Test yourself<\/a><\/div>\n<\/div>\n<\/div>\n<\/div>\n<div class=\"col3 tsttwo\">\n<div class=\"colwrap\">\n<div class=\"c3ttl\">AGILE TESTS<\/div>\n<div class=\"txtwrp\">\n<div class=\"txtbdy\">Want to quickly test your knowledge?<\/div>\n<div class=\"tstbtns\"><a href=\"https:\/\/colorsinprojects.ro\/en\/resurse\/teste\/agile\/\">Test yourself<\/a><\/div>\n<\/div>\n<\/div>\n<\/div>\n<div class=\"col3 tsttre\">\n<div class=\"colwrap\">\n<div class=\"c3ttl\">GENERAL TESTS PM<\/div>\n<div class=\"txtwrp\">\n<div class=\"txtbdy\">Want to quickly test your project management knowledge?<\/div>\n<div class=\"tstbtns\"><a href=\"https:\/\/colorsinprojects.ro\/en\/resurse\/teste\/management-de-proiect\/\">Test yourself<\/a><\/div>\n<\/div>\n<\/div>\n<\/div>\n<div class=\"clear\"><\/div>\n<\/div>","protected":false},"excerpt":{"rendered":"<p>Vrei s\u0103 \u00ee\u021bi testezi rapid cuno\u0219tin\u021bele de management de proiect? Dac\u0103 da, \u00ee\u021bi punem la dispozi\u021bie o serie de teste de verificare. TESTE PMP\u00ae Te preg\u0103te\u0219ti pentru certificarea PMP\u00ae? Testeaz\u0103-te TESTE AGILE Vrei s\u0103 \u00ee\u021bi testezi rapid cuno\u0219tin\u021bele? Testeaz\u0103-te TESTE GENERALE PM Vrei s\u0103 \u00ee\u021bi testezi rapid cuno\u0219tin\u021bele de management de proiect? Testeaz\u0103-te<\/p>","protected":false},"author":1,"featured_media":2083,"parent":1163,"menu_order":0,"comment_status":"closed","ping_status":"closed","template":"full-width-template.php","meta":{"_acf_changed":false,"footnotes":""},"class_list":["post-993","page","type-page","status-publish","has-post-thumbnail","hentry"],"acf":[],"_links":{"self":[{"href":"https:\/\/colorsinprojects.ro\/en\/wp-json\/wp\/v2\/pages\/993","targetHints":{"allow":["GET"]}}],"collection":[{"href":"https:\/\/colorsinprojects.ro\/en\/wp-json\/wp\/v2\/pages"}],"about":[{"href":"https:\/\/colorsinprojects.ro\/en\/wp-json\/wp\/v2\/types\/page"}],"author":[{"embeddable":true,"href":"https:\/\/colorsinprojects.ro\/en\/wp-json\/wp\/v2\/users\/1"}],"replies":[{"embeddable":true,"href":"https:\/\/colorsinprojects.ro\/en\/wp-json\/wp\/v2\/comments?post=993"}],"version-history":[{"count":16,"href":"https:\/\/colorsinprojects.ro\/en\/wp-json\/wp\/v2\/pages\/993\/revisions"}],"predecessor-version":[{"id":1877,"href":"https:\/\/colorsinprojects.ro\/en\/wp-json\/wp\/v2\/pages\/993\/revisions\/1877"}],"up":[{"embeddable":true,"href":"https:\/\/colorsinprojects.ro\/en\/wp-json\/wp\/v2\/pages\/1163"}],"wp:featuredmedia":[{"embeddable":true,"href":"https:\/\/colorsinprojects.ro\/en\/wp-json\/wp\/v2\/media\/2083"}],"wp:attachment":[{"href":"https:\/\/colorsinprojects.ro\/en\/wp-json\/wp\/v2\/media?parent=993"}],"curies":[{"name":"wp","href":"https:\/\/api.w.org\/{rel}","templated":true}]}}