{"id":996,"date":"2020-06-12T16:48:18","date_gmt":"2020-06-12T13:48:18","guid":{"rendered":"https:\/\/www.qhost.ro\/dev\/cip\/new\/?page_id=996"},"modified":"2024-11-06T13:10:58","modified_gmt":"2024-11-06T11:10:58","slug":"podcasts","status":"publish","type":"page","link":"https:\/\/colorsinprojects.ro\/en\/resurse\/podcasts\/","title":{"rendered":"Podcasts"},"content":{"rendered":"<div class=\"pulltop\"><\/div>\n<div class=\"podres pulcont\">\n<div><\/div>\n<div><\/div>\n<div class=\"raleft\"><img decoding=\"async\" src=\"https:\/\/colorsinprojects.ro\/wp-content\/uploads\/2020\/06\/Retrospective-Agile.png\" \/><\/div>\n<div class=\"raright\">\n<div class=\"ratitle\">Retrospective Agile<\/div>\n<div class=\"sbtitle marbtm\">Discu\u021bii agile, informale \u0219i relaxate despre agilitate.<\/div>\n<div class=\"rabtext\">\n<p>Dan Suciu \u0219i Bogdan Mure\u0219an, practican\u021bi Agile de mai bine de 10 ani \u0219i cu o experien\u021b\u0103 variat\u0103 \u00een training, consultan\u021b\u0103 \u0219i coaching Agile, dezbat diverse teme legate de agilitate \u00eentr-o manier\u0103 relaxat\u0103 \u0219i informal\u0103. Vor avea al\u0103turi de ei persoane cu experien\u021b\u0103 \u00een instruire, consultan\u021b\u0103, coaching sau transform\u0103ri Agile.<\/p>\n<p>Dan Suciu este lector la Facultatea de Matematic\u0103 \u0219i Informatic\u0103 a Universit\u0103\u021bii Babe\u0219-Bolyai din Cluj-Napoca \u0219i partener Colors in Projects. <a href=\"https:\/\/www.danmirceasuciu.ro\/\" target=\"_blank\" rel=\"noopener noreferrer\">https:\/\/www.danmirceasuciu.ro<\/a><\/p>\n<p>Bogdan Mure\u0219an este Vice President of Technology la Connatix, \u00een Cluj-Napoca \u0219i trainer Colors in Projects. <a href=\"http:\/\/www.bondan.ro\/\" target=\"_blank\" rel=\"noopener noreferrer\">http:\/\/www.bondan.ro\/<\/a><\/p>\n<\/div>\n<\/div>\n<div class=\"podunder\">\n<div class=\"podbtn\"><a href=\"https:\/\/www.retrospective-agile.ro\/\" target=\"_blank\" rel=\"noopener noreferrer\">Asculta PODCAST!<\/a><\/div>\n<\/div>\n<div class=\"clear\"><\/div>\n<\/div>","protected":false},"excerpt":{"rendered":"<p>Retrospective Agile Discu\u021bii agile, informale \u0219i relaxate despre agilitate. Dan Suciu \u0219i Bogdan Mure\u0219an, practican\u021bi Agile de mai bine de 10 ani \u0219i cu o experien\u021b\u0103 variat\u0103 \u00een training, consultan\u021b\u0103 \u0219i coaching Agile, dezbat diverse teme legate de agilitate \u00eentr-o manier\u0103 relaxat\u0103 \u0219i informal\u0103. Vor avea al\u0103turi de ei persoane cu experien\u021b\u0103 \u00een instruire, consultan\u021b\u0103, [&hellip;]<\/p>","protected":false},"author":1,"featured_media":0,"parent":1163,"menu_order":0,"comment_status":"closed","ping_status":"closed","template":"full-width-template.php","meta":{"_acf_changed":false,"footnotes":""},"class_list":["post-996","page","type-page","status-publish","hentry"],"acf":[],"_links":{"self":[{"href":"https:\/\/colorsinprojects.ro\/en\/wp-json\/wp\/v2\/pages\/996","targetHints":{"allow":["GET"]}}],"collection":[{"href":"https:\/\/colorsinprojects.ro\/en\/wp-json\/wp\/v2\/pages"}],"about":[{"href":"https:\/\/colorsinprojects.ro\/en\/wp-json\/wp\/v2\/types\/page"}],"author":[{"embeddable":true,"href":"https:\/\/colorsinprojects.ro\/en\/wp-json\/wp\/v2\/users\/1"}],"replies":[{"embeddable":true,"href":"https:\/\/colorsinprojects.ro\/en\/wp-json\/wp\/v2\/comments?post=996"}],"version-history":[{"count":10,"href":"https:\/\/colorsinprojects.ro\/en\/wp-json\/wp\/v2\/pages\/996\/revisions"}],"predecessor-version":[{"id":1302,"href":"https:\/\/colorsinprojects.ro\/en\/wp-json\/wp\/v2\/pages\/996\/revisions\/1302"}],"up":[{"embeddable":true,"href":"https:\/\/colorsinprojects.ro\/en\/wp-json\/wp\/v2\/pages\/1163"}],"wp:attachment":[{"href":"https:\/\/colorsinprojects.ro\/en\/wp-json\/wp\/v2\/media?parent=996"}],"curies":[{"name":"wp","href":"https:\/\/api.w.org\/{rel}","templated":true}]}}