{"id":999,"date":"2020-06-12T16:49:36","date_gmt":"2020-06-12T13:49:36","guid":{"rendered":"https:\/\/www.qhost.ro\/dev\/cip\/new\/?page_id=999"},"modified":"2024-11-06T13:13:08","modified_gmt":"2024-11-06T11:13:08","slug":"video-pm","status":"publish","type":"page","link":"https:\/\/colorsinprojects.ro\/en\/resurse\/video-pm\/","title":{"rendered":"Video PM"},"content":{"rendered":"<h2>Video cu video \u00ee\u021bi facem cuno\u0219tin\u021b\u0103 cu cele mai relevante instrumente folosite \u00een managementul de proiect.<\/h2>\n<div class=\"section pulcont pulltop nops\">\n<div class=\"col1\">\n<div class=\"c2wrapp\">\n<div class=\"c2text colored tleft\">Vrei s\u0103 \u0219tii care sunt etapele prin care trece un proiect? Simona \u0219i Adina \u021bi le prezint\u0103 \u00een acest video.<\/div>\n<\/div>\n<\/div>\n<div class=\"col3\">\n<div class=\"c2wrapp\">\n<div class=\"c2video\"><iframe src=\"https:\/\/www.youtube.com\/embed\/HfO7ZukP6CM\" width=\"350\" height=\"196\" frameborder=\"0\" allowfullscreen=\"allowfullscreen\"><\/iframe><\/div>\n<\/div>\n<\/div>\n<div class=\"clear\"><\/div>\n<\/div>\n<div class=\"section pulcont nops\">\n<div class=\"col3\">\n<div class=\"c2wrapp\">\n<div class=\"c2video\"><iframe src=\"https:\/\/www.youtube.com\/embed\/Ua8oGKYfPWo\" width=\"350\" height=\"196\" frameborder=\"0\" allowfullscreen=\"allowfullscreen\"><\/iframe><\/div>\n<\/div>\n<\/div>\n<div class=\"col1\">\n<div class=\"c2wrapp\">\n<div class=\"c2text colored\">Tu \u0219tii care sunt cei mai \u00eent\u00e2lni\u021bi termeni de management de proiect? \u00cen acest video Simona \u0219i Adina ne vorbesc despre &#8222;proces&#8221;. Vizionare pl\u0103cut\u0103!<\/div>\n<\/div>\n<\/div>\n<div class=\"clear\"><\/div>\n<\/div>\n<div class=\"section pulcont pulltop nops\">\n<div class=\"col1\">\n<div class=\"c2wrapp\">\n<div class=\"c2text colored tleft\">Vrei s\u0103 \u0219tii care sunt caracteristicile unui proiect? Simona \u0219i Adina \u021bi le prezint\u0103 \u00een acest video.<\/div>\n<\/div>\n<\/div>\n<div class=\"col3\">\n<div class=\"c2wrapp\">\n<div class=\"c2video\"><iframe src=\"https:\/\/www.youtube.com\/embed\/iAQQuNxrawY\" width=\"350\" height=\"196\" frameborder=\"0\" allowfullscreen=\"allowfullscreen\"><\/iframe><\/div>\n<\/div>\n<\/div>\n<div class=\"clear\"><\/div>\n<\/div>\n<div class=\"section pulcont nops\">\n<div class=\"col3\">\n<div class=\"c2wrapp\">\n<div class=\"c2video\"><iframe src=\"https:\/\/www.youtube.com\/embed\/8LKK0mwPykA\" width=\"350\" height=\"196\" frameborder=\"0\" allowfullscreen=\"allowfullscreen\"><\/iframe><\/div>\n<\/div>\n<\/div>\n<div class=\"col1\">\n<div class=\"c2wrapp\">\n<div class=\"c2text colored\">Tu \u0219tii care este diferen\u021ba dintre proces \u0219i proiect? Simona \u0219i Adina \u021bi le prezint\u0103 \u00een acest video.<\/div>\n<\/div>\n<\/div>\n<div class=\"clear\"><\/div>\n<\/div>\n<div class=\"section pulcont pulltop nops\">\n<div class=\"col1\">\n<div class=\"c2wrapp\">\n<div class=\"c2text colored tleft\">Afl\u0103 ce este un program \u0219i un portofoliu.<\/div>\n<\/div>\n<\/div>\n<div class=\"col3\">\n<div class=\"c2wrapp\">\n<div class=\"c2video\"><iframe src=\"https:\/\/www.youtube.com\/embed\/oeeAnuErZak\" width=\"350\" height=\"196\" frameborder=\"0\" allowfullscreen=\"allowfullscreen\"><\/iframe><\/div>\n<\/div>\n<\/div>\n<div class=\"clear\"><\/div>\n<\/div>\n<div class=\"section pulcont nops\">\n<div class=\"col3\">\n<div class=\"c2wrapp\">\n<div class=\"c2video\"><iframe src=\"https:\/\/www.youtube.com\/embed\/CwVNpOTaOhE\" width=\"350\" height=\"196\" frameborder=\"0\" allowfullscreen=\"allowfullscreen\"><\/iframe><\/div>\n<\/div>\n<\/div>\n<div class=\"col1\">\n<div class=\"c2wrapp\">\n<div class=\"c2text colored\">Tu \u0219tii cum arat\u0103 un proiect? Simona \u0219i Adina ne explic\u0103 cum arat\u0103 \u0219i cum apar proiectele, pe un studiu de caz foarte interesant. \ud83d\ude42 Vizionare pl\u0103cut\u0103!<\/div>\n<\/div>\n<\/div>\n<div class=\"clear\"><\/div>\n<\/div>\n<div class=\"section pulcont nops\">\n<div class=\"c3text colored\">O c\u0103l\u0103torie \u00een lumea proiectelor (cum arat\u0103 un proiect, identificarea stakeholderilor \u0219i tripla constr\u00e2ngere)<\/div>\n<div class=\"col3\">\n<div class=\"c3wrapp\">\n<div class=\"c2video\"><iframe src=\"https:\/\/www.youtube.com\/embed\/snhCB0S54jg\" width=\"560\" height=\"315\" frameborder=\"0\" allowfullscreen=\"allowfullscreen\"><\/iframe><\/div>\n<\/div>\n<\/div>\n<div class=\"col3\">\n<div class=\"c3wrapp\">\n<div class=\"c2video\"><iframe src=\"https:\/\/www.youtube.com\/embed\/S6txUnCpDdo\" width=\"560\" height=\"315\" frameborder=\"0\" allowfullscreen=\"allowfullscreen\"><\/iframe><\/div>\n<\/div>\n<\/div>\n<div class=\"col3\">\n<div class=\"c3wrapp\">\n<div class=\"c2video\"><iframe src=\"https:\/\/www.youtube.com\/embed\/MI5BoAHzHH4\" width=\"560\" height=\"315\" frameborder=\"0\" allowfullscreen=\"allowfullscreen\"><\/iframe><\/div>\n<\/div>\n<\/div>\n<div class=\"clear\"><\/div>\n<\/div>\n<div class=\"section pulcont nops\">\n<div class=\"c3text colored\">O c\u0103l\u0103torie \u00een lumea proiectelor (analiza stakeholderilor, diagrama pe segmente, cu cine lucr\u0103m \u00een proiect)<\/div>\n<div class=\"col3\">\n<div class=\"c3wrapp\">\n<div class=\"c2video\"><iframe src=\"https:\/\/www.youtube.com\/embed\/26xnBQmC-WM\" width=\"560\" height=\"315\" frameborder=\"0\" allowfullscreen=\"allowfullscreen\"><\/iframe><\/div>\n<\/div>\n<\/div>\n<div class=\"col3\">\n<div class=\"c3wrapp\">\n<div class=\"c2video\"><iframe src=\"https:\/\/www.youtube.com\/embed\/J_7m2PV_P0o\" width=\"560\" height=\"315\" frameborder=\"0\" allowfullscreen=\"allowfullscreen\"><\/iframe><\/div>\n<\/div>\n<\/div>\n<div class=\"col3\">\n<div class=\"c3wrapp\">\n<div class=\"c2video\"><iframe src=\"https:\/\/www.youtube.com\/embed\/pxtS36orH_I\" width=\"560\" height=\"315\" frameborder=\"0\" allowfullscreen=\"allowfullscreen\"><\/iframe><\/div>\n<\/div>\n<\/div>\n<div class=\"clear\"><\/div>\n<\/div>\n<div class=\"section pulcont nops\">\n<div class=\"c3text colored\">O c\u0103l\u0103torie \u00een lumea proiectelor (ce facem \u00eentr-un proiect, descompunerea livrabilelor, structura defalcat\u0103 a lucr\u0103rii)<\/div>\n<div class=\"col3\">\n<div class=\"c3wrapp\">\n<div class=\"c2video\"><iframe src=\"https:\/\/www.youtube.com\/embed\/OOFaYk_0gBc\" width=\"560\" height=\"315\" frameborder=\"0\" allowfullscreen=\"allowfullscreen\"><\/iframe><\/div>\n<\/div>\n<\/div>\n<div class=\"col3\">\n<div class=\"c3wrapp\">\n<div class=\"c2video\"><iframe src=\"https:\/\/www.youtube.com\/embed\/f7J3JAdbI3Y\" width=\"560\" height=\"315\" frameborder=\"0\" allowfullscreen=\"allowfullscreen\"><\/iframe><\/div>\n<\/div>\n<\/div>\n<div class=\"col3\">\n<div class=\"c3wrapp\">\n<div class=\"c2video\"><iframe src=\"https:\/\/www.youtube.com\/embed\/lIYnTMPAhZE\" width=\"560\" height=\"315\" frameborder=\"0\" allowfullscreen=\"allowfullscreen\"><\/iframe><\/div>\n<\/div>\n<\/div>\n<div class=\"clear\"><\/div>\n<\/div>\n<div class=\"section pulcont nops\">\n<div class=\"c3text colored\">O c\u0103l\u0103torie \u00een lumea proiectelor (cine ce face \u00een proiect, c\u00e2nd facem ce trebuie s\u0103 facem, c\u00e2t ne cost\u0103 un proiect)<\/div>\n<div class=\"col3\">\n<div class=\"c3wrapp\">\n<div class=\"c2video\"><iframe src=\"https:\/\/www.youtube.com\/embed\/bIImg35EWYQ\" width=\"560\" height=\"315\" frameborder=\"0\" allowfullscreen=\"allowfullscreen\"><\/iframe><\/div>\n<\/div>\n<\/div>\n<div class=\"col3\">\n<div class=\"c3wrapp\">\n<div class=\"c2video\"><iframe src=\"https:\/\/www.youtube.com\/embed\/G8N9Jh5l_5c\" width=\"560\" height=\"315\" frameborder=\"0\" allowfullscreen=\"allowfullscreen\"><\/iframe><\/div>\n<\/div>\n<\/div>\n<div class=\"col3\">\n<div class=\"c3wrapp\">\n<div class=\"c2video\"><iframe src=\"https:\/\/www.youtube.com\/embed\/kjv0HxsXPi4\" width=\"560\" height=\"315\" frameborder=\"0\" allowfullscreen=\"allowfullscreen\"><\/iframe><\/div>\n<\/div>\n<\/div>\n<div class=\"clear\"><\/div>\n<\/div>\n<div class=\"section pulcont nops\">\n<div class=\"c3text colored\">O c\u0103l\u0103torie \u00een lumea proiectelor (kickoff meeting, \u00eencepem execu\u021bia proiectului)<\/div>\n<div class=\"col3\">\n<div class=\"c3wrapp\">\n<div class=\"c2video\"><iframe src=\"https:\/\/www.youtube.com\/embed\/Aw5PJN8As5U\" width=\"560\" height=\"315\" frameborder=\"0\" allowfullscreen=\"allowfullscreen\"><\/iframe><\/div>\n<\/div>\n<\/div>\n<div class=\"col3\">\n<div class=\"c3wrapp\">\n<div class=\"c2video\"><iframe src=\"https:\/\/www.youtube.com\/embed\/9rl8sBolaMw\" width=\"560\" height=\"315\" frameborder=\"0\" allowfullscreen=\"allowfullscreen\"><\/iframe><\/div>\n<\/div>\n<\/div>\n<div class=\"col3\">\n<div class=\"c3wrapp\">\n<div class=\"c2video\"><iframe src=\"https:\/\/www.youtube.com\/embed\/e6mq0AoChGc\" width=\"560\" height=\"315\" frameborder=\"0\" allowfullscreen=\"allowfullscreen\"><\/iframe><\/div>\n<\/div>\n<\/div>\n<div class=\"clear\"><\/div>\n<\/div>\n<div class=\"section pulcont nops\">\n<div class=\"c3text colored\">O c\u0103l\u0103torie \u00een lumea proiectelor (cum facem echipa s\u0103 \u201dtic\u0103ie\u201d, cui \u0219i cum d\u0103m seam\u0103, cum se termin\u0103 proiectul )<\/div>\n<div class=\"col3\">\n<div class=\"c3wrapp\">\n<div class=\"c2video\"><iframe src=\"https:\/\/www.youtube.com\/embed\/FRqQqrFyQvI\" width=\"560\" height=\"315\" frameborder=\"0\" allowfullscreen=\"allowfullscreen\"><\/iframe><\/div>\n<\/div>\n<\/div>\n<div class=\"col3\">\n<div class=\"c3wrapp\">\n<div class=\"c2video\"><iframe src=\"https:\/\/www.youtube.com\/embed\/wJXnV-ocvHE\" width=\"560\" height=\"315\" frameborder=\"0\" allowfullscreen=\"allowfullscreen\"><\/iframe><\/div>\n<\/div>\n<\/div>\n<div class=\"col3\">\n<div class=\"c3wrapp\">\n<div class=\"c2video\"><iframe src=\"https:\/\/www.youtube.com\/embed\/SzLxzqVdQUA\" width=\"560\" height=\"315\" frameborder=\"0\" allowfullscreen=\"allowfullscreen\"><\/iframe><\/div>\n<\/div>\n<\/div>\n<div class=\"clear\"><\/div>\n<\/div>","protected":false},"excerpt":{"rendered":"<p>Video cu video \u00ee\u021bi facem cuno\u0219tin\u021b\u0103 cu cele mai relevante instrumente folosite \u00een managementul de proiect. Vrei s\u0103 \u0219tii care sunt etapele prin care trece un proiect? Simona \u0219i Adina \u021bi le prezint\u0103 \u00een acest video. Tu \u0219tii care sunt cei mai \u00eent\u00e2lni\u021bi termeni de management de proiect? \u00cen acest video Simona \u0219i Adina ne [&hellip;]<\/p>","protected":false},"author":1,"featured_media":0,"parent":1163,"menu_order":0,"comment_status":"closed","ping_status":"closed","template":"full-width-template.php","meta":{"_acf_changed":false,"footnotes":""},"class_list":["post-999","page","type-page","status-publish","hentry"],"acf":[],"_links":{"self":[{"href":"https:\/\/colorsinprojects.ro\/en\/wp-json\/wp\/v2\/pages\/999","targetHints":{"allow":["GET"]}}],"collection":[{"href":"https:\/\/colorsinprojects.ro\/en\/wp-json\/wp\/v2\/pages"}],"about":[{"href":"https:\/\/colorsinprojects.ro\/en\/wp-json\/wp\/v2\/types\/page"}],"author":[{"embeddable":true,"href":"https:\/\/colorsinprojects.ro\/en\/wp-json\/wp\/v2\/users\/1"}],"replies":[{"embeddable":true,"href":"https:\/\/colorsinprojects.ro\/en\/wp-json\/wp\/v2\/comments?post=999"}],"version-history":[{"count":9,"href":"https:\/\/colorsinprojects.ro\/en\/wp-json\/wp\/v2\/pages\/999\/revisions"}],"predecessor-version":[{"id":1818,"href":"https:\/\/colorsinprojects.ro\/en\/wp-json\/wp\/v2\/pages\/999\/revisions\/1818"}],"up":[{"embeddable":true,"href":"https:\/\/colorsinprojects.ro\/en\/wp-json\/wp\/v2\/pages\/1163"}],"wp:attachment":[{"href":"https:\/\/colorsinprojects.ro\/en\/wp-json\/wp\/v2\/media?parent=999"}],"curies":[{"name":"wp","href":"https:\/\/api.w.org\/{rel}","templated":true}]}}