{"id":19240,"date":"2025-10-07T11:04:50","date_gmt":"2025-10-07T08:04:50","guid":{"rendered":"https:\/\/colorsinprojects.ro\/?post_type=product&#038;p=19240"},"modified":"2025-12-02T15:12:57","modified_gmt":"2025-12-02T13:12:57","slug":"taxa-participare-meetup-agile-games-arena","status":"publish","type":"product","link":"https:\/\/colorsinprojects.ro\/en\/product\/taxa-participare-meetup-agile-games-arena\/","title":{"rendered":"Tax\u0103 participare Meetup: Agile Games Arena"},"content":{"rendered":"<p class=\"v1MsoNormal\">Tax\u0103 participare Meetup: Agile Games Arena I 20 Noiembrie 2025<\/p>","protected":false},"excerpt":{"rendered":"<p>Un maraton de jocuri unde o s\u0103 experimentezi, o s\u0103 \u00eenve\u021bi \u0219i \u2013 cel mai important \u2013 o s\u0103 te distrezi al\u0103turi de al\u021bi pasiona\u021bi de agilitate!<br \/>\n<strong>Locuri limitate!<\/strong><\/p>\n<p>\ud83d\udcc5 20 Noiembrie 2025 I 16.00 &#8211; 20.00<br \/>\n\ud83d\udce2 Loca\u021bie: Urban HUB, Pia\u021ba Roman\u0103 2, Bucure\u0219ti<\/p>\n<p>&nbsp;<\/p>","protected":false},"featured_media":19244,"template":"","meta":{"_acf_changed":false},"product_brand":[],"product_cat":[49],"product_tag":[29],"class_list":{"0":"post-19240","1":"product","2":"type-product","3":"status-publish","4":"has-post-thumbnail","6":"product_cat-events","7":"product_tag-agile-mammoths-games","9":"first","10":"outofstock","11":"virtual","12":"taxable","13":"purchasable","14":"product-type-simple"},"acf":[],"_links":{"self":[{"href":"https:\/\/colorsinprojects.ro\/en\/wp-json\/wp\/v2\/product\/19240","targetHints":{"allow":["GET"]}}],"collection":[{"href":"https:\/\/colorsinprojects.ro\/en\/wp-json\/wp\/v2\/product"}],"about":[{"href":"https:\/\/colorsinprojects.ro\/en\/wp-json\/wp\/v2\/types\/product"}],"wp:featuredmedia":[{"embeddable":true,"href":"https:\/\/colorsinprojects.ro\/en\/wp-json\/wp\/v2\/media\/19244"}],"wp:attachment":[{"href":"https:\/\/colorsinprojects.ro\/en\/wp-json\/wp\/v2\/media?parent=19240"}],"wp:term":[{"taxonomy":"product_brand","embeddable":true,"href":"https:\/\/colorsinprojects.ro\/en\/wp-json\/wp\/v2\/product_brand?post=19240"},{"taxonomy":"product_cat","embeddable":true,"href":"https:\/\/colorsinprojects.ro\/en\/wp-json\/wp\/v2\/product_cat?post=19240"},{"taxonomy":"product_tag","embeddable":true,"href":"https:\/\/colorsinprojects.ro\/en\/wp-json\/wp\/v2\/product_tag?post=19240"}],"curies":[{"name":"wp","href":"https:\/\/api.w.org\/{rel}","templated":true}]}}